{"id":609,"date":"2021-04-27T06:29:24","date_gmt":"2021-04-27T05:29:24","guid":{"rendered":"https:\/\/www.ayourbalance.com\/?page_id=609"},"modified":"2021-05-10T06:16:01","modified_gmt":"2021-05-10T05:16:01","slug":"ayuryoga-massage-2","status":"publish","type":"page","link":"https:\/\/ayourbalance.com\/?page_id=609&lang=de","title":{"rendered":"AyurYoga-massage"},"content":{"rendered":"<div class=\"introSection\">\n<div class=\"container\">\n<div class=\"text-center\">\n<div class=\"heading-center\">\n<h2 class=\"mb-2\">Ayur-Yoga Massage<\/h2>\n<\/div>\n<div class=\"row mt-1\">\n<div class=\"col-md-8 text-justify\">\n<p>Es handelt sich hierbei um eine sehr seltene Massagebehandlung, die von Kusum Modak in Pune, Indien, entwickelt wurde. Sie war eine direkte Sch\u00fclerin des Yoga-Gurus Shri B.K.S. Iyengar. Ich hatte das enorm gro\u00dfe Gl\u00fcck, dass ich diese Massagetechnik direkt von Kusum Modak lernen durfte und erhielt sogar ein personalisiertes Training von ihr .<\/p>\n<p>Es handelt sich bei der Massage um eine ausgekl\u00fcgelte Technik, die Ayurveda und Yoga vereint (AyurYoga) und sich somit \u00fcber die k\u00f6rperliche Ebene hinaus, auch positiv auf die mentale und spirituelle Ebene auswirkt.<br \/>\nAyurYoga ist eine stimulierende Massage, bei der sowohl mit den H\u00e4nden als auch mit den F\u00fc\u00dfen gearbeitet wird, um das Gewebe bis in die Tiefe zu massieren. Die Technik basiert zudem auf Yoga-Dehnungen, die sicherstellen, dass auch die tiefsten Gewebeschichten bearbeitet werden.<\/p>\n<\/div>\n<div class=\"col-md-4\">\n<div class=\"ImgBlock mb-2 mt-1\">\n<div class=\"ImgStatus\"><img decoding=\"async\" src=\"https:\/\/ayourbalance.com\/wp-content\/uploads\/2021\/04\/Massage-1.jpg\" alt=\"\" \/><\/div>\n<\/div>\n<\/div>\n<div class=\"col-md-12\">\n<h4><b>Beschreibung der AyurYoga-Massage :<\/b><\/h4>\n<p>Die Massage wird auf einer Matratze durchgef\u00fchrt, die direkt auf dem Boden liegt. Der\/die Massierte bleibt dabei passiv, aber aufmerksam und unterst\u00fctzt mit der normalen Atmung.<\/p>\n<p>Der\/die MasseurIn massiert und dehnt alle Gelenke von Kopf bis Fu\u00df, entsprechend den Bed\u00fcrfnissen und M\u00f6glichkeiten des Klienten, der massiert wird. Dabei arbeitet der\/die MasseurIn stets im Rhythmus des Klienten.<\/p>\n<p>F\u00fcr die Massage wird ein \u00d6l und ein spezielles Kr\u00e4uterpuder (Calamus) verwendet. Dadurch wird eine entgiftende, sanft reinigende, antiseptische und antientz\u00fcndliche Wirkung erzielt.<\/p>\n<p>Die Massage unterst\u00fctzt die Mobilisierung von Toxinen, sodass diese ausgeschieden werden k\u00f6nnen, bringt Lebensenergie in den Organismus und hilft dem K\u00f6rper dabei, sich wieder der naturgegebenen Balance anzun\u00e4hern. <\/p>\n<p>Die Kombination von \u00d6l, Kr\u00e4utern, rhythmischen Massagebewegungen und Yoga-Dehnungen sorgt daf\u00fcr, dass die Elemente im K\u00f6rper wieder in Balance gebracht werden &#8211; was sich ebenfalls beruhigend auf den Geist auswirkt.<\/p>\n<p><!-- The combination of oil, herb, rhythmic massage movement and yoga stretches helps to create a balance in body-elements. --><\/p>\n<h4><b>Dein Nutzen einer AyurYoga-Massage :<\/b><\/h4>\n<p>Nach der Massage ist Deine Atmung sichtbar verbessert, Deine Gelenke sind beweglicher als zuvor, Dein K\u00f6rper f\u00fchlt sich entspannt an und Dein Geist ist ruhig und wach. Den gr\u00f6\u00dften Nutzen finden wir auf der k\u00f6rperlichen Ebene: <\/p>\n<div class=\"ProductContent\">\n<ul>\n<li>Verbesserte Durchblutung.<\/li>\n<li>Mobilisierung und Ausleitung von abgelagerten Giftstoffen,<\/li>\n<li>Reduktion von muskul\u00e4ren Verspannungen und Blockaden.<\/li>\n<li>Sowie ein ausbalanciertes Vata.<\/li>\n<\/ul>\n<p><!--\n \t\n\n<li>With Sleep disorder.<\/li>\n\n\n \t\n\n<li>Releases muscular and skeletal tensions.<\/li>\n\n\n \t\n\n<li>Releases the suppressed emotions and blockages.<\/li>\n\n\n \t\n\n<li>It balances the Vata Imbalance.<\/li>\n\n\n \t\n\n<li>With Shallow breathing, by expanding the breathing channels.<\/li>\n\n\n \t\n\n<li>Brings awareness and changes the habits of the body.<\/li>\n\n\n \t\n\n<li>Helps in menstruation problems.<\/li>\n\n\n \t\n\n<li>Brings \u201cwholeness\u201d in Body-mind.<\/li>\n\n\n--><\/p>\n<\/div>\n<p>Wenn Du Dich regelm\u00e4\u00dfig massieren l\u00e4sst, wird sich nach und nach Deine K\u00f6rperhaltung verbessern und nat\u00fcrlich aufrichten, Blockaden in Deinem K\u00f6rper werden sich l\u00f6sen. Regelm\u00e4\u00dfige AyurYoga-Massagen l\u00f6sen sowohl Verspannungen als auch unterdr\u00fcckte Gef\u00fchle, die im Geist entstanden sind und sich im K\u00f6rper manifestiert haben.<\/p>\n<h4><b>Weitere Langzeiteffekte sind :<\/b><\/h4>\n<div class=\"ProductContent\">\n<ul>\n<li>Stressabbau.<\/li>\n<li>Reduktion von Belastungsst\u00f6rungen.<\/li>\n<li>Verringerung von Menstruationsproblemen.<\/li>\n<li>Gef\u00fchl von Klarheit und \u201eEinklang\u201c von K\u00f6rper und Geist.<\/li>\n<\/ul>\n<\/div>\n<h4 class=\"mt-2 mb-3\"><b>Durch mehrere Sitzungen in Folge kann die K\u00f6rperhaltung korrigiert werden.<\/b><\/h4>\n<div class=\"row\">\n<div class=\"col-md-3\">\n<div class=\"ImgBlock mb-4\">\n<div class=\"ImgStatus\"><img decoding=\"async\" src=\"https:\/\/ayourbalance.com\/wp-content\/uploads\/2021\/04\/Massage-2.jpg\" alt=\"\" \/><\/div>\n<\/div>\n<\/div>\n<div class=\"col-md-3\">\n<div class=\"ImgBlock mb-4\">\n<div class=\"ImgStatus\"><img decoding=\"async\" src=\"https:\/\/ayourbalance.com\/wp-content\/uploads\/2021\/04\/Massage-3.jpg\" alt=\"\" \/><\/div>\n<\/div>\n<\/div>\n<div class=\"col-md-3\">\n<div class=\"ImgBlock mb-3\">\n<div class=\"ImgStatus\"><img decoding=\"async\" src=\"https:\/\/ayourbalance.com\/wp-content\/uploads\/2021\/04\/Massage-4.jpg\" alt=\"\" \/><\/div>\n<\/div>\n<\/div>\n<\/div>\n<\/div>\n<\/div>\n<\/div>\n<\/div>\n<\/div>\n","protected":false},"excerpt":{"rendered":"<p>Ayur-Yoga Massage Es handelt sich hierbei um eine sehr seltene Massagebehandlung, die von Kusum Modak in Pune, Indien, entwickelt wurde. Sie war eine direkte Sch\u00fclerin des Yoga-Gurus Shri B.K.S. Iyengar. Ich hatte das enorm gro\u00dfe Gl\u00fcck, dass ich diese Massagetechnik direkt von Kusum Modak lernen durfte und erhielt sogar ein personalisiertes Training von ihr . [&hellip;]<\/p>\n","protected":false},"author":1,"featured_media":0,"parent":0,"menu_order":0,"comment_status":"closed","ping_status":"closed","template":"","meta":{"footnotes":""},"_links":{"self":[{"href":"https:\/\/ayourbalance.com\/index.php?rest_route=\/wp\/v2\/pages\/609"}],"collection":[{"href":"https:\/\/ayourbalance.com\/index.php?rest_route=\/wp\/v2\/pages"}],"about":[{"href":"https:\/\/ayourbalance.com\/index.php?rest_route=\/wp\/v2\/types\/page"}],"author":[{"embeddable":true,"href":"https:\/\/ayourbalance.com\/index.php?rest_route=\/wp\/v2\/users\/1"}],"replies":[{"embeddable":true,"href":"https:\/\/ayourbalance.com\/index.php?rest_route=%2Fwp%2Fv2%2Fcomments&post=609"}],"version-history":[{"count":3,"href":"https:\/\/ayourbalance.com\/index.php?rest_route=\/wp\/v2\/pages\/609\/revisions"}],"predecessor-version":[{"id":756,"href":"https:\/\/ayourbalance.com\/index.php?rest_route=\/wp\/v2\/pages\/609\/revisions\/756"}],"wp:attachment":[{"href":"https:\/\/ayourbalance.com\/index.php?rest_route=%2Fwp%2Fv2%2Fmedia&parent=609"}],"curies":[{"name":"wp","href":"https:\/\/api.w.org\/{rel}","templated":true}]}}