{"id":605,"date":"2021-04-27T06:27:19","date_gmt":"2021-04-27T05:27:19","guid":{"rendered":"https:\/\/www.ayourbalance.com\/?page_id=605"},"modified":"2021-06-04T12:21:20","modified_gmt":"2021-06-04T11:21:20","slug":"ernaehrungs-beratung","status":"publish","type":"page","link":"https:\/\/ayourbalance.com\/?page_id=605&lang=de","title":{"rendered":"Ern\u00e4hrungsberatung"},"content":{"rendered":"<div class=\"introSection\">\n<div class=\"container\">\n<div class=\"text-center\">\n<div class=\"heading-center\">\n<h2 class=\"mb-2\">Ern\u00e4hrungsberatung<\/h2>\n<\/p><\/div>\n<div class=\"row\">\n<div class=\"col-md-10 text-justify\">\n<p>Ayurveda gibt seit Jahrtausenden jedem Einzelnen n\u00fctzliche Mittel und M\u00f6glichkeiten an die Hand, um K\u00f6rper und Geist in Balance zu bringen und damit ein gl\u00fccklicheres und ges\u00fcnderes Leben zu f\u00fchren. Kurz gesagt, hei\u00dft das, dass K\u00f6rper und Geist so miteinander in Einklang gebracht werden, dass sie optimal funktionieren k\u00f6nnen und Hand in Hand gehen, um so ein stressfreieres Leben zu erm\u00f6glichen. Wir kommen alle mit dieser nat\u00fcrlichen Balance von K\u00f6rper und Geist zur Welt, verlieren sie jedoch w\u00e4hrend unseres Lebens. Dies hat unterschiedliche Gr\u00fcnde.<\/p>\n<p>Ayurvedische Ern\u00e4hrungsberatungen helfen Dir dabei, Deinen K\u00f6rpertyp und seine entsprechenden St\u00e4rken und Schw\u00e4chen zu verstehen. Du findest heraus, wie sich gewisse Dinge auf die sensible Einheit von K\u00f6rper und Geist auswirken, warum Du auf gewisse Trigger seltsam reagierst, wie Deine F\u00e4higkeiten zu Superkr\u00e4ften werden k\u00f6nnen und, vor allem, was Du tun kannst, um Deinen K\u00f6rper und Geist in eine ausgeglichene Harmonie zu bringen. In den Beratungsgespr\u00e4chen erh\u00e4ltst Du nicht nur wichtige Informationen \u00fcber Dich, sondern bekommst auch Tipps und Tricks an die Hand, um Deine Balance wiederzuerlangen.<\/p>\n<\/p><\/div>\n<div class=\"col-md-2\">\n<div class=\"ImgBlock\">\n<div class=\"ImgStatus\">\n                                <img decoding=\"async\" src=\"https:\/\/ayourbalance.com\/wp-content\/uploads\/2021\/06\/Gandha-1.jpg\" alt=\"\">\n                            <\/div>\n<\/p><\/div>\n<\/p><\/div>\n<div class=\"col-md-12\">\n<p>Die Beratung (2 Sitzungen \u00e0 90 Minuten, dazwischen eine zweiw\u00f6chige Pause) wird eine tiefgehende Analyse erm\u00f6glichen. Je nach Bedarf ist eventuell noch ein weiterer Termin n\u00f6tig. Falls ein pers\u00f6nliches Treffen nicht m\u00f6glich ist, k\u00f6nnen wir uns auch jederzeit via Skype oder Zoom \u201etreffen\u201c &#8211; ganz egal, wo Du gerade bist. Innerhalb von 2 Wochen erh\u00e4ltst Du: eine detaillierte Beschreibung Deines Konstitutionstyps, ein Bericht zur Bewertung Deiner aktuellen Situation, individuelle \u00dcbungen und sonstige Empfehlungen f\u00fcr Deinen Alltag, Rezeptvorschl\u00e4ge und Richtlinien zur Planung Deiner Mahlzeiten. <\/p>\n<p>In den Beratungsgespr\u00e4chen betrachten wir unterschiedliche Aspekte wie Verdauung, Gewicht, Schlafqualit\u00e4t, Menstruation, Menopause, Optimierung des Lebensstils und generelle Empfehlungen rund um das Thema Essen.<\/p>\n<p>Selbstverst\u00e4ndlich behandle ich alle Informationen, die Du mir in unseren Gespr\u00e4chen anvertraust, streng vertraulich..<\/p>\n<\/p><\/div>\n<\/p><\/div>\n<\/p><\/div>\n<\/p><\/div>\n<\/p><\/div>\n","protected":false},"excerpt":{"rendered":"<p>Ern\u00e4hrungsberatung Ayurveda gibt seit Jahrtausenden jedem Einzelnen n\u00fctzliche Mittel und M\u00f6glichkeiten an die Hand, um K\u00f6rper und Geist in Balance zu bringen und damit ein gl\u00fccklicheres und ges\u00fcnderes Leben zu f\u00fchren. Kurz gesagt, hei\u00dft das, dass K\u00f6rper und Geist so miteinander in Einklang gebracht werden, dass sie optimal funktionieren k\u00f6nnen und Hand in Hand gehen, [&hellip;]<\/p>\n","protected":false},"author":1,"featured_media":0,"parent":0,"menu_order":0,"comment_status":"closed","ping_status":"closed","template":"","meta":{"footnotes":""},"_links":{"self":[{"href":"https:\/\/ayourbalance.com\/index.php?rest_route=\/wp\/v2\/pages\/605"}],"collection":[{"href":"https:\/\/ayourbalance.com\/index.php?rest_route=\/wp\/v2\/pages"}],"about":[{"href":"https:\/\/ayourbalance.com\/index.php?rest_route=\/wp\/v2\/types\/page"}],"author":[{"embeddable":true,"href":"https:\/\/ayourbalance.com\/index.php?rest_route=\/wp\/v2\/users\/1"}],"replies":[{"embeddable":true,"href":"https:\/\/ayourbalance.com\/index.php?rest_route=%2Fwp%2Fv2%2Fcomments&post=605"}],"version-history":[{"count":6,"href":"https:\/\/ayourbalance.com\/index.php?rest_route=\/wp\/v2\/pages\/605\/revisions"}],"predecessor-version":[{"id":795,"href":"https:\/\/ayourbalance.com\/index.php?rest_route=\/wp\/v2\/pages\/605\/revisions\/795"}],"wp:attachment":[{"href":"https:\/\/ayourbalance.com\/index.php?rest_route=%2Fwp%2Fv2%2Fmedia&parent=605"}],"curies":[{"name":"wp","href":"https:\/\/api.w.org\/{rel}","templated":true}]}}