{"id":603,"date":"2021-04-27T06:26:52","date_gmt":"2021-04-27T05:26:52","guid":{"rendered":"https:\/\/www.ayourbalance.com\/?page_id=603"},"modified":"2021-05-16T19:47:55","modified_gmt":"2021-05-16T18:47:55","slug":"ayurvedisch-ernaehrung","status":"publish","type":"page","link":"https:\/\/ayourbalance.com\/?page_id=603&lang=de","title":{"rendered":"Ayurvedisches Ern\u00e4hrung"},"content":{"rendered":"<div class=\"introSection\">\n<div class=\"container\">\n<div class=\"text-center\">\n<div class=\"heading-center\">\n<h2 class=\"mb-2\">Ayurvedische Ern\u00e4hrung &#8211; die Grundlage f\u00fcr Deine Balance<\/h2>\n<h5 class=\"mb-2\"><i>\u201cOhne die richtige Ern\u00e4hrung ist Medizin nutzlos, Mit der richtigen Ern\u00e4hrung ist Medizin unn\u00f6tig.\u201d<\/i><\/h5>\n<\/p><\/div>\n<div class=\"row\">\n<div class=\"col-md-9\">\n<p>Die ayurvedische Ern\u00e4hrung wird oft f\u00e4lschlicherweise als indische K\u00fcche verstanden. Ayurveda und seine Grunds\u00e4tze beschr\u00e4nken sich jedoch nicht auf Indien, sondern sind universal anwendbar und fast jedes Essen kann auf ayurvedische Weise zubereitet werden.<\/p>\n<p>Beim ayurvedischen Kochen steht die Verdaulichkeit im Vordergrund. Dabei werden alle Aspekte ber\u00fccksichtigt, die eine Speise vertr\u00e4glich und wohltuend machen: die ausgleichenden Effekte der einzelnen Lebensmittel, die individuelle Verdauungsleistung, die Vollwertigkeit der Mahlzeit sowie die Nahrhaftigkeit und ein guter Geschmack.<\/p>\n<\/p><\/div>\n<div class=\"col-md-3\">\n<div class=\"ImgBlock mt-1\">\n<div class=\"ImgStatus\">\n                                <img decoding=\"async\" src=\"https:\/\/ayourbalance.com\/wp-content\/uploads\/2021\/04\/food.jpg\" alt=\"\">\n                            <\/div>\n<\/p><\/div>\n<\/p><\/div>\n<div class=\"col-md-12\">\n<p>Dadurch entsteht eine wahre Alchemie des Essens: es bereitet Vergn\u00fcgen, die unterschiedlichsten Lebensmittel und Gew\u00fcrze in den Speiseplan zu integrieren, unter Ber\u00fccksichtigung der jeweiligen Tageszeit, Jahreszeit, des eigenen Alters und der Verdauungsleistung &#8230; Unterm Strich ergibt sich daraus die n\u00f6tige Mischung, um DICH in Deine nat\u00fcrliche Kraft zu bringen. <\/p>\n<p>Im Ayurveda wird jede Person als einzigartiger Ausdruck der Natur betrachtet. Aus diesem Grund ist die Ern\u00e4hrung im ayurvedischen Sinne eine sehr individuelle Angelegenheit. <\/p>\n<p>Wenn Du Dein Essen unter Ber\u00fccksichtigung der ayurvedischen Grunds\u00e4tze zubereitest, bringst Du Dich in Balance (aYOURbalance) und Du profitierst gesundheitlich. Ayurvedisches Essen stellt Deine nat\u00fcrliche Verdauung und Deinen nat\u00fcrlichen Metabolismus wieder her, entspannt Deinen K\u00f6rper und Geist, st\u00e4rkt Dein Immunsystem und gibt Dir mehr Energie und Stamina. Dein Gewicht wird sich auf nat\u00fcrliche Weise entsprechend Deiner naturgegebenen Konstitution regulieren. Zudem sorgt die ayurvedische Ern\u00e4hrung f\u00fcr eine gesunde und angenehme S\u00e4ttigung durch vollwertige Mahlzeiten und verhindert Gel\u00fcste auf ungesunde Nahrungsmittel.<br \/>\nEs macht Essen gesund, einfach und ansprechend.<\/p>\n<p>Indem Du lernst und verinnerlichst, wie man Essen auf ayurvedische Art zubereitet, wirst Du auch verstehen, wie K\u00f6rper und Geist Deine Verdauungsleistung beeintr\u00e4chtigen k\u00f6nnen (denn dabei handelt es sich um die Hauptursache f\u00fcr die meisten Krankheiten) und wie Du Deine Routinen im Alltag optimieren kannst.<\/p>\n<p><i>\u201cDie Sch\u00f6nheit des Ayurveda ist, dass Sie positive Nebeneffekte statt Nebenwirkungen mit sich bringt.\u201d<\/i><\/p>\n<\/p><\/div>\n<\/p><\/div>\n<\/p><\/div>\n<\/p><\/div>\n<\/p><\/div>\n","protected":false},"excerpt":{"rendered":"<p>Ayurvedische Ern\u00e4hrung &#8211; die Grundlage f\u00fcr Deine Balance \u201cOhne die richtige Ern\u00e4hrung ist Medizin nutzlos, Mit der richtigen Ern\u00e4hrung ist Medizin unn\u00f6tig.\u201d Die ayurvedische Ern\u00e4hrung wird oft f\u00e4lschlicherweise als indische K\u00fcche verstanden. Ayurveda und seine Grunds\u00e4tze beschr\u00e4nken sich jedoch nicht auf Indien, sondern sind universal anwendbar und fast jedes Essen kann auf ayurvedische Weise zubereitet [&hellip;]<\/p>\n","protected":false},"author":1,"featured_media":0,"parent":0,"menu_order":0,"comment_status":"closed","ping_status":"closed","template":"","meta":{"footnotes":""},"_links":{"self":[{"href":"https:\/\/ayourbalance.com\/index.php?rest_route=\/wp\/v2\/pages\/603"}],"collection":[{"href":"https:\/\/ayourbalance.com\/index.php?rest_route=\/wp\/v2\/pages"}],"about":[{"href":"https:\/\/ayourbalance.com\/index.php?rest_route=\/wp\/v2\/types\/page"}],"author":[{"embeddable":true,"href":"https:\/\/ayourbalance.com\/index.php?rest_route=\/wp\/v2\/users\/1"}],"replies":[{"embeddable":true,"href":"https:\/\/ayourbalance.com\/index.php?rest_route=%2Fwp%2Fv2%2Fcomments&post=603"}],"version-history":[{"count":6,"href":"https:\/\/ayourbalance.com\/index.php?rest_route=\/wp\/v2\/pages\/603\/revisions"}],"predecessor-version":[{"id":760,"href":"https:\/\/ayourbalance.com\/index.php?rest_route=\/wp\/v2\/pages\/603\/revisions\/760"}],"wp:attachment":[{"href":"https:\/\/ayourbalance.com\/index.php?rest_route=%2Fwp%2Fv2%2Fmedia&parent=603"}],"curies":[{"name":"wp","href":"https:\/\/api.w.org\/{rel}","templated":true}]}}