{"id":555,"date":"2021-04-26T15:33:38","date_gmt":"2021-04-26T14:33:38","guid":{"rendered":"https:\/\/www.ayourbalance.com\/?page_id=555"},"modified":"2023-01-01T10:18:04","modified_gmt":"2023-01-01T10:18:04","slug":"kontakt","status":"publish","type":"page","link":"https:\/\/ayourbalance.com\/?page_id=555&lang=de","title":{"rendered":"Kontakt"},"content":{"rendered":"<div class=\"introSection\">\n<div class=\"container\">\n<div class=\"row\">\n<div class=\"col-md-6\">\n<div class=\"text-center\">\n<h3 class=\"mb-1\">Kontakt Details<\/h3>\n<\/p><\/div>\n<div class=\"row mt-4\">\n<div class=\"col-md-7\">\n<div class=\"ContactAddress\">\n<p><i class=\"fa fa-at\"><\/i>  Email: contact@ayourbalance.com<\/p>\n<p><i class=\"fa fa-globe\" aria-hidden=\"true\"><\/i><a href=\"http:\/\/www.balance-life.de\/\" target=\"_blank\" rel=\"noopener\"> balance-life.de<\/a><\/p>\n<\/p><\/div>\n<\/p><\/div>\n<div class=\"col-md-4 pl-0\">\n<div class=\"ImgBlock\">\n<div class=\"ImgStatus\">\n                                    <img decoding=\"async\" src=\"https:\/\/ayourbalance.com\/wp-content\/uploads\/2021\/05\/contact.jpg\" alt=\"\">\n                                <\/div>\n<\/p><\/div>\n<\/p><\/div>\n<\/p><\/div>\n<div class=\"row mt-2\">\n<div class=\"col-md-6\">\n<p>Sie erreichen mich unter<\/p>\n<p>+49 170 3350664 (mobil)<\/p>\n<div class=\"col-md-6\">\n<p><strong>Impressum<\/strong><\/p>\n<p>Sarika Patil<\/p>\n<div class=\"col-md-12\">\n<p>Haftungshinweis: Trotz sorgf\u00e4ltiger inhaltlicher Kontrolle \u00fcbernehmen wir keine Haftung f\u00fcr die Inhalte externer Links. F\u00fcr die Inhalte verlinkter Seiten sind ausschlie\u00dflich deren Betreiber verantwortlich.<\/p>\n<p>Dieser Internetauftritt wurde erstellt von QA India.<\/p>\n<\/p><\/div>\n<\/p><\/div>\n<\/p><\/div>\n<div class=\"col-md-6 lefttborderline\">\n<div class=\"star\">\n<h3 class=\"mb-1 text-center\">Kontakt Form<\/h3>\n<p class=\"mt-2\">Ich freue mich auf Ihre Nachricht<\/p>\n<h6 class=\"mb-1\"><span>*<\/span> verpflichtend<\/h6>\n<\/p><\/div>\n\n<div class=\"wpcf7 no-js\" id=\"wpcf7-f614-o1\" lang=\"en-GB\" dir=\"ltr\">\n<div class=\"screen-reader-response\"><p role=\"status\" aria-live=\"polite\" aria-atomic=\"true\"><\/p> <ul><\/ul><\/div>\n<form action=\"\/index.php?rest_route=%2Fwp%2Fv2%2Fpages%2F555#wpcf7-f614-o1\" method=\"post\" class=\"wpcf7-form init\" aria-label=\"Contact form\" novalidate=\"novalidate\" data-status=\"init\">\n<div style=\"display: none;\">\n<input type=\"hidden\" name=\"_wpcf7\" value=\"614\" \/>\n<input type=\"hidden\" name=\"_wpcf7_version\" value=\"5.9.2\" \/>\n<input type=\"hidden\" name=\"_wpcf7_locale\" value=\"en_GB\" \/>\n<input type=\"hidden\" name=\"_wpcf7_unit_tag\" value=\"wpcf7-f614-o1\" \/>\n<input type=\"hidden\" name=\"_wpcf7_container_post\" value=\"0\" \/>\n<input type=\"hidden\" name=\"_wpcf7_posted_data_hash\" value=\"\" \/>\n<\/div>\n<div class=\"enquiry-form row mt-2\">\n\t<div class=\"col-sm-6\">\n\t\t<p><label>Name <span>*<\/span><\/label>\n\t\t<\/p>\n\t\t<div class=\"enq-formgroup\">\n\t\t\t<p><span class=\"wpcf7-form-control-wrap\" data-name=\"your-name\"><input size=\"40\" class=\"wpcf7-form-control wpcf7-text wpcf7-validates-as-required\" aria-required=\"true\" aria-invalid=\"false\" value=\"\" type=\"text\" name=\"your-name\" \/><\/span>\n\t\t\t<\/p>\n\t\t<\/div>\n\t<\/div>\n\t<div class=\"col-sm-6\">\n\t\t<p><label>E-mail<span>*<\/span><\/label>\n\t\t<\/p>\n\t\t<div class=\"enq-formgroup\">\n\t\t\t<p><span class=\"wpcf7-form-control-wrap\" data-name=\"your-email\"><input size=\"40\" class=\"wpcf7-form-control wpcf7-email wpcf7-validates-as-required wpcf7-text wpcf7-validates-as-email\" aria-required=\"true\" aria-invalid=\"false\" value=\"\" type=\"email\" name=\"your-email\" \/><\/span>\n\t\t\t<\/p>\n\t\t<\/div>\n\t<\/div>\n\t<div class=\"col-sm-12\">\n\t\t<p><label>Nachricht <span>*<\/span><\/label>\n\t\t<\/p>\n\t\t<div class=\"enq-formgroup textareabox\">\n\t\t\t<p><span class=\"wpcf7-form-control-wrap\" data-name=\"your-comment\"><textarea cols=\"40\" rows=\"10\" class=\"wpcf7-form-control wpcf7-textarea wpcf7-validates-as-required\" aria-required=\"true\" aria-invalid=\"false\" name=\"your-comment\"><\/textarea><\/span>\n\t\t\t<\/p>\n\t\t<\/div>\n\t\t<div class=\"space5\">\n\t\t<\/div>\n\t\t<p><input class=\"wpcf7-form-control wpcf7-submit has-spinner btn btn-primary\" type=\"submit\" value=\"Senden\" \/>\n\t\t<\/p>\n\t<\/div>\n<\/div><div class=\"wpcf7-response-output\" aria-hidden=\"true\"><\/div>\n<\/form>\n<\/div>\n<\/div>\n<\/p><\/div>\n<\/p><\/div>\n<\/p><\/div>\n","protected":false},"excerpt":{"rendered":"<p>Kontakt Details Email: contact@ayourbalance.com balance-life.de Sie erreichen mich unter +49 170 3350664 (mobil) Impressum Sarika Patil Haftungshinweis: Trotz sorgf\u00e4ltiger inhaltlicher Kontrolle \u00fcbernehmen wir keine Haftung f\u00fcr die Inhalte externer Links. F\u00fcr die Inhalte verlinkter Seiten sind ausschlie\u00dflich deren Betreiber verantwortlich. Dieser Internetauftritt wurde erstellt von QA India. Kontakt Form Ich freue mich auf Ihre Nachricht [&hellip;]<\/p>\n","protected":false},"author":1,"featured_media":0,"parent":0,"menu_order":0,"comment_status":"closed","ping_status":"closed","template":"","meta":{"footnotes":""},"_links":{"self":[{"href":"https:\/\/ayourbalance.com\/index.php?rest_route=\/wp\/v2\/pages\/555"}],"collection":[{"href":"https:\/\/ayourbalance.com\/index.php?rest_route=\/wp\/v2\/pages"}],"about":[{"href":"https:\/\/ayourbalance.com\/index.php?rest_route=\/wp\/v2\/types\/page"}],"author":[{"embeddable":true,"href":"https:\/\/ayourbalance.com\/index.php?rest_route=\/wp\/v2\/users\/1"}],"replies":[{"embeddable":true,"href":"https:\/\/ayourbalance.com\/index.php?rest_route=%2Fwp%2Fv2%2Fcomments&post=555"}],"version-history":[{"count":20,"href":"https:\/\/ayourbalance.com\/index.php?rest_route=\/wp\/v2\/pages\/555\/revisions"}],"predecessor-version":[{"id":616,"href":"https:\/\/ayourbalance.com\/index.php?rest_route=\/wp\/v2\/pages\/555\/revisions\/616"}],"wp:attachment":[{"href":"https:\/\/ayourbalance.com\/index.php?rest_route=%2Fwp%2Fv2%2Fmedia&parent=555"}],"curies":[{"name":"wp","href":"https:\/\/api.w.org\/{rel}","templated":true}]}}