{"id":540,"date":"2021-04-26T15:01:42","date_gmt":"2021-04-26T14:01:42","guid":{"rendered":"https:\/\/www.ayourbalance.com\/?page_id=540"},"modified":"2023-01-01T10:05:25","modified_gmt":"2023-01-01T10:05:25","slug":"zu-mir","status":"publish","type":"page","link":"https:\/\/ayourbalance.com\/?page_id=540&lang=de","title":{"rendered":"Zu mir"},"content":{"rendered":"<div class=\"introSection\">\n<div class=\"container\">\n<div class=\"text-center\">\n<div class=\"heading-center\">\n<h2 class=\"AboutGandha\">Gandha<\/h2>\n<\/div>\n<div class=\"row\">\n<div class=\"col-md-10 text-justify\">\n<p>Mein Name ist Sarika Patil, bekannt als Gandha und\u00a0ich besch\u00e4ftige mich mit der Ayurvedischen Ern\u00e4hrungsweise sowie einer Massagetechnik namens AyurYoga.<\/p>\n<p>Ich bin in Indien, Maharashtra, geboren und aufgewachsen. Nachdem ich mein Wirtschaftsstudium abgeschlossen hatte, folgte ich meiner inneren Stimme und begab mich auf meine Lebensreise. Ich lebte fast 10 Jahre lang im Osho International Meditation Center in Pune\/Indien, wo ich zahlreiche Dimensionen der Meditation kennenlernte. Dass ich insbesondere in der Vipassana-Meditationslehre geschult wurde, war hilfreich f\u00fcr mein tieferes Verst\u00e4ndnis beim Studium der Ayurvedischen Lehre. So konnte ich das Gelernte auf meditative Weise erfassen und begreifen.<\/p>\n<p>Ab 1995 studierte ich in unterschiedlichen Bereichen und Ebenen die Ayurvedischen Lehren am Kerala Ayurveda Pharmacy Limited Institute in Kerala\/S\u00fcd Indien. Ich habe dort den Abschluss als zertifizierte Ayurvedische Ern\u00e4hrungsberaterin und Therapeutin erworben. Zur Weiterbildung bin ich jedes Jahr in Indien.<\/p>\n<p>Mein Forschungsansatz in meinen Studien ist: &#8220;Wie Ern\u00e4hrung den Geist beeinflusst und wie Lebensmittel Medikamente ersetzen k\u00f6nnen\u201d<\/p>\n<\/div>\n<div class=\"col-md-2\">\n<div class=\"ImgBlock mt-1\">\n<div class=\"ImgStatus\"><img decoding=\"async\" src=\"https:\/\/ayourbalance.com\/wp-content\/uploads\/2021\/06\/Gandha-2.jpg\" alt=\"\" \/><\/div>\n<\/div>\n<\/div>\n<div class=\"col-md-12\">\n<p>In Pune wurde ich au\u00dferdem in Ayurveda-Yoga-Massage von Kusum Modak ausgebildet, dem Erfinder dieser Massage-Technik und Sch\u00fcler des Yoga-Meisters B.K.S. Iyengar. Seit Abschluss der Ausbildung bin ich qualifizierte AyurYoga-Masseurin und -Ausbilderin.<\/p>\n<p>Ich arbeite als Ayurvedische Ern\u00e4hrungsberaterin, biete Kurse rund um die ayurvedische Ern\u00e4hrung und Kochkunst an, und ich lehre die AyurYoga-Massage in \u00d6sterreich, D\u00e4nemark, Deutschland, Indien, Italien, Spanien und der T\u00fcrkei.<\/p>\n<p>Ich bin seit 2006 in diesen Bereichen aktiv t\u00e4tig und darf inzwischen mehr als 500 Menschen zu meinen Kunden z\u00e4hlen.<\/p>\n<p>Mein Lebensmittelpunkt ist Deutschland. Ich spreche Marathi, Hindi, Englisch und Deutsch.<\/p>\n<\/div>\n<\/div>\n<\/div>\n<\/div>\n<\/div>\n","protected":false},"excerpt":{"rendered":"<p>Gandha Mein Name ist Sarika Patil, bekannt als Gandha und\u00a0ich besch\u00e4ftige mich mit der Ayurvedischen Ern\u00e4hrungsweise sowie einer Massagetechnik namens AyurYoga. Ich bin in Indien, Maharashtra, geboren und aufgewachsen. Nachdem ich mein Wirtschaftsstudium abgeschlossen hatte, folgte ich meiner inneren Stimme und begab mich auf meine Lebensreise. Ich lebte fast 10 Jahre lang im Osho International [&hellip;]<\/p>\n","protected":false},"author":1,"featured_media":0,"parent":0,"menu_order":0,"comment_status":"closed","ping_status":"closed","template":"","meta":{"footnotes":""},"_links":{"self":[{"href":"https:\/\/ayourbalance.com\/index.php?rest_route=\/wp\/v2\/pages\/540"}],"collection":[{"href":"https:\/\/ayourbalance.com\/index.php?rest_route=\/wp\/v2\/pages"}],"about":[{"href":"https:\/\/ayourbalance.com\/index.php?rest_route=\/wp\/v2\/types\/page"}],"author":[{"embeddable":true,"href":"https:\/\/ayourbalance.com\/index.php?rest_route=\/wp\/v2\/users\/1"}],"replies":[{"embeddable":true,"href":"https:\/\/ayourbalance.com\/index.php?rest_route=%2Fwp%2Fv2%2Fcomments&post=540"}],"version-history":[{"count":9,"href":"https:\/\/ayourbalance.com\/index.php?rest_route=\/wp\/v2\/pages\/540\/revisions"}],"predecessor-version":[{"id":830,"href":"https:\/\/ayourbalance.com\/index.php?rest_route=\/wp\/v2\/pages\/540\/revisions\/830"}],"wp:attachment":[{"href":"https:\/\/ayourbalance.com\/index.php?rest_route=%2Fwp%2Fv2%2Fmedia&parent=540"}],"curies":[{"name":"wp","href":"https:\/\/api.w.org\/{rel}","templated":true}]}}